{"id":3382,"date":"2026-02-01T13:52:39","date_gmt":"2026-02-01T13:52:39","guid":{"rendered":"https:\/\/slvfrr.com\/?post_type=product&#038;p=3382"},"modified":"2026-04-28T19:48:45","modified_gmt":"2026-04-28T19:48:45","slug":"multiposition-strait-dress","status":"publish","type":"product","link":"https:\/\/slvfrr.com\/es\/producto\/multiposition-strait-dress","title":{"rendered":"Multiposition Strait Dress"},"content":{"rendered":"<p><span style=\"font-size: 13px;\">Tejido: 100% poli\u00e9ster.<\/span><\/p>\n<p><span style=\"font-size: 13px;\">Hecho en Espa\u00f1a.<\/span><\/p>\n<p><span style=\"font-size: 13px;\">\u2013 Lavar a m\u00e1quina en agua fr\u00eda (m\u00e1ximo 30\u00b0C), preferiblemente en ciclo delicado.<br \/>\n\u2013 Lavar del rev\u00e9s y en bolsa de lavander\u00eda para evitar enganches.<br \/>\n\u2013 No usar lej\u00eda.<br \/>\n\u2013 No secar en secadora.<br \/>\n\u2013 Planchar a baja temperatura (110\u00baC) o usar vaporizador.<\/span><\/p>","protected":false},"excerpt":{"rendered":"<p><span style=\"font-size: 13px;\">Vestido corto semi-transparente en blanco, con escote off-shoulder multiposici\u00f3n y drapeado envolvente. Mangas largas.<\/span><\/p>\n<p><span style=\"font-size: 13px;\">Color: Blanco.<\/span><\/p>\n<p><span style=\"font-size: 13px;\">Este art\u00edculo se produce bajo demanda. El tiempo estimado de producci\u00f3n es entre 7 y 10 d\u00edas laborales.<\/span><\/p>","protected":false},"featured_media":3652,"template":"","meta":{"inline_featured_image":false},"product_brand":[],"product_cat":[39,60],"product_tag":[],"class_list":{"0":"post-3382","1":"product","2":"type-product","3":"status-publish","4":"has-post-thumbnail","6":"product_cat-dresses","7":"product_cat-ss26-over","8":"pa_size-l","9":"pa_size-m","10":"pa_size-s","11":"pa_size-xl","12":"pa_size-xs","14":"first","15":"instock","16":"taxable","17":"shipping-taxable","18":"purchasable","19":"product-type-variable"},"jetpack_sharing_enabled":true,"_links":{"self":[{"href":"https:\/\/slvfrr.com\/es\/wp-json\/wp\/v2\/product\/3382","targetHints":{"allow":["GET"]}}],"collection":[{"href":"https:\/\/slvfrr.com\/es\/wp-json\/wp\/v2\/product"}],"about":[{"href":"https:\/\/slvfrr.com\/es\/wp-json\/wp\/v2\/types\/product"}],"wp:featuredmedia":[{"embeddable":true,"href":"https:\/\/slvfrr.com\/es\/wp-json\/wp\/v2\/media\/3652"}],"wp:attachment":[{"href":"https:\/\/slvfrr.com\/es\/wp-json\/wp\/v2\/media?parent=3382"}],"wp:term":[{"taxonomy":"product_brand","embeddable":true,"href":"https:\/\/slvfrr.com\/es\/wp-json\/wp\/v2\/product_brand?post=3382"},{"taxonomy":"product_cat","embeddable":true,"href":"https:\/\/slvfrr.com\/es\/wp-json\/wp\/v2\/product_cat?post=3382"},{"taxonomy":"product_tag","embeddable":true,"href":"https:\/\/slvfrr.com\/es\/wp-json\/wp\/v2\/product_tag?post=3382"}],"curies":[{"name":"wp","href":"https:\/\/api.w.org\/{rel}","templated":true}]}}