{"id":3350,"date":"2026-02-01T13:23:54","date_gmt":"2026-02-01T13:23:54","guid":{"rendered":"https:\/\/slvfrr.com\/?post_type=product&#038;p=3350"},"modified":"2026-04-28T19:48:45","modified_gmt":"2026-04-28T19:48:45","slug":"double-combined-bra","status":"publish","type":"product","link":"https:\/\/slvfrr.com\/es\/producto\/double-combined-bra","title":{"rendered":"Double Combined Bra"},"content":{"rendered":"<p><span style=\"font-size: 13px;\">Sujetador interior: 98% poliamida, 2% elastano.<br \/>\nSujetador exterior: 100% algod\u00f3n org\u00e1nico.<\/span><\/p>\n<p><span style=\"font-size: 13px;\">Hecho en Espa\u00f1a.<\/span><\/p>\n<p><span style=\"font-size: 13px;\">\u2013 Lavar a m\u00e1quina con agua tibia (hasta 30\u00b0C).<br \/>\n\u2013 Planchar a baja temperatura (110\u00baC).<br \/>\n\u2013 No usar lej\u00eda.<br \/>\n\u2013 No secar en secadora.<\/span><\/p>","protected":false},"excerpt":{"rendered":"<p><span style=\"font-size: 13px;\">Sujetador con dise\u00f1o dual en superposici\u00f3n. Confeccionado en sat\u00e9n beige y algod\u00f3n melange.<\/span><\/p>\n<p><span style=\"font-size: 13px;\">Color: Beige\/Gris claro jaspeado.<\/span><\/p>\n<p><span style=\"font-size: 13px;\">Este art\u00edculo se produce bajo demanda. El tiempo estimado de producci\u00f3n es entre 7 y 10 d\u00edas laborales.<\/span><\/p>","protected":false},"featured_media":3657,"template":"","meta":{"inline_featured_image":false},"product_brand":[],"product_cat":[37,60,19],"product_tag":[],"class_list":{"0":"post-3350","1":"product","2":"type-product","3":"status-publish","4":"has-post-thumbnail","6":"product_cat-intimate","7":"product_cat-ss26-over","8":"product_cat-tops","9":"pa_size-l","10":"pa_size-m","11":"pa_size-s","12":"pa_size-xl","13":"pa_size-xs","15":"first","16":"instock","17":"taxable","18":"shipping-taxable","19":"purchasable","20":"product-type-variable"},"jetpack_sharing_enabled":true,"_links":{"self":[{"href":"https:\/\/slvfrr.com\/es\/wp-json\/wp\/v2\/product\/3350","targetHints":{"allow":["GET"]}}],"collection":[{"href":"https:\/\/slvfrr.com\/es\/wp-json\/wp\/v2\/product"}],"about":[{"href":"https:\/\/slvfrr.com\/es\/wp-json\/wp\/v2\/types\/product"}],"wp:featuredmedia":[{"embeddable":true,"href":"https:\/\/slvfrr.com\/es\/wp-json\/wp\/v2\/media\/3657"}],"wp:attachment":[{"href":"https:\/\/slvfrr.com\/es\/wp-json\/wp\/v2\/media?parent=3350"}],"wp:term":[{"taxonomy":"product_brand","embeddable":true,"href":"https:\/\/slvfrr.com\/es\/wp-json\/wp\/v2\/product_brand?post=3350"},{"taxonomy":"product_cat","embeddable":true,"href":"https:\/\/slvfrr.com\/es\/wp-json\/wp\/v2\/product_cat?post=3350"},{"taxonomy":"product_tag","embeddable":true,"href":"https:\/\/slvfrr.com\/es\/wp-json\/wp\/v2\/product_tag?post=3350"}],"curies":[{"name":"wp","href":"https:\/\/api.w.org\/{rel}","templated":true}]}}