{"id":3338,"date":"2026-02-01T13:22:42","date_gmt":"2026-02-01T13:22:42","guid":{"rendered":"https:\/\/slvfrr.com\/?post_type=product&#038;p=3338"},"modified":"2026-04-29T19:08:30","modified_gmt":"2026-04-29T19:08:30","slug":"ultra-low-rise-suit-trousers","status":"publish","type":"product","link":"https:\/\/slvfrr.com\/es\/producto\/ultra-low-rise-suit-trousers","title":{"rendered":"Ultra-Low Rise Suit Trousers"},"content":{"rendered":"<p><span style=\"font-size: 13px;\">Tejido: 49% Bamb\u00fa, 49% Poli\u00e9ster Reciclado, 2%\u00a0Spandex.<\/span><\/p>\n<p><span style=\"font-size: 13px;\">Hecho en Espa\u00f1a.<\/span><\/p>\n<p><span style=\"font-size: 13px;\">\u2013 Lavar a m\u00e1quina con agua tibia (hasta 30\u00b0C), ciclo delicado.<br \/>\n\u2013 Planchar a temperatura normal (150\u00baC).<br \/>\n\u2013 No usar lej\u00eda.<br \/>\n\u2013 No secar en secadora.<\/span><\/p>","protected":false},"excerpt":{"rendered":"<p><span style=\"font-size: 13px;\">Pantalones de traje ajustados, de tiro ultra bajo y acampanados, con fruncidos laterales en los bajos.<\/span><\/p>\n<p><span style=\"font-size: 13px;\">Color: Gris Medio.<\/span><\/p>\n<p><span style=\"font-size: 13px;\">Este art\u00edculo se produce bajo demanda. El tiempo estimado de producci\u00f3n es entre 7 y 10 d\u00edas laborales.<\/span><\/p>","protected":false},"featured_media":3664,"template":"","meta":{"inline_featured_image":false},"product_brand":[],"product_cat":[20,60],"product_tag":[],"class_list":{"0":"post-3338","1":"product","2":"type-product","3":"status-publish","4":"has-post-thumbnail","6":"product_cat-bottoms","7":"product_cat-ss26-over","8":"pa_size-l","9":"pa_size-m","10":"pa_size-s","11":"pa_size-xl","12":"pa_size-xs","14":"first","15":"instock","16":"taxable","17":"shipping-taxable","18":"purchasable","19":"product-type-variable"},"jetpack_sharing_enabled":true,"_links":{"self":[{"href":"https:\/\/slvfrr.com\/es\/wp-json\/wp\/v2\/product\/3338","targetHints":{"allow":["GET"]}}],"collection":[{"href":"https:\/\/slvfrr.com\/es\/wp-json\/wp\/v2\/product"}],"about":[{"href":"https:\/\/slvfrr.com\/es\/wp-json\/wp\/v2\/types\/product"}],"wp:featuredmedia":[{"embeddable":true,"href":"https:\/\/slvfrr.com\/es\/wp-json\/wp\/v2\/media\/3664"}],"wp:attachment":[{"href":"https:\/\/slvfrr.com\/es\/wp-json\/wp\/v2\/media?parent=3338"}],"wp:term":[{"taxonomy":"product_brand","embeddable":true,"href":"https:\/\/slvfrr.com\/es\/wp-json\/wp\/v2\/product_brand?post=3338"},{"taxonomy":"product_cat","embeddable":true,"href":"https:\/\/slvfrr.com\/es\/wp-json\/wp\/v2\/product_cat?post=3338"},{"taxonomy":"product_tag","embeddable":true,"href":"https:\/\/slvfrr.com\/es\/wp-json\/wp\/v2\/product_tag?post=3338"}],"curies":[{"name":"wp","href":"https:\/\/api.w.org\/{rel}","templated":true}]}}