{"id":3332,"date":"2026-02-01T13:22:03","date_gmt":"2026-02-01T13:22:03","guid":{"rendered":"https:\/\/slvfrr.com\/?post_type=product&#038;p=3332"},"modified":"2026-05-02T16:55:59","modified_gmt":"2026-05-02T16:55:59","slug":"black-leather-clutch","status":"publish","type":"product","link":"https:\/\/slvfrr.com\/es\/producto\/black-leather-clutch","title":{"rendered":"Black Leather Clutch"},"content":{"rendered":"<p><span style=\"font-size: 13px;\">Material: 100% genuine leather.<\/span><\/p>\n<p><span style=\"font-size: 13px;\">Hecho en Espa\u00f1a.<\/span><\/p>\n<p><span style=\"font-size: 13px;\">\u2013 No lavar.<br \/>\n\u2013 No usar lej\u00eda.<br \/>\n\u2013 No secar en secadora.<br \/>\n\u2013 No planchar.<br \/>\n\u2013 S\u00f3lo limpieza profesional de cuero.<br \/>\n\u2013 Evitar la exposici\u00f3n prolongada a la luz solar.<br \/>\n\u2013 Conservar en un lugar fresco y seco.<br \/>\n\u2013 Limpiar con un pa\u00f1o h\u00famedo.<\/span><\/p>","protected":false},"excerpt":{"rendered":"<p><span style=\"font-size: 13px;\">Bolso tipo clutch de piel negra con tiras y cintur\u00f3n ancho. Cierre de im\u00e1n.<\/span><\/p>\n<p><span style=\"font-size: 13px;\">Color: Negro.<\/span><\/p>\n<p><span style=\"font-size: 13px;\">Este art\u00edculo se produce bajo demanda. El tiempo estimado de producci\u00f3n es entre 7 y 10 d\u00edas laborales.<\/span><\/p>","protected":false},"featured_media":3668,"template":"","meta":{"inline_featured_image":false},"product_brand":[],"product_cat":[21,60],"product_tag":[],"class_list":{"0":"post-3332","1":"product","2":"type-product","3":"status-publish","4":"has-post-thumbnail","6":"product_cat-accessories","7":"product_cat-ss26-over","9":"first","10":"instock","11":"taxable","12":"shipping-taxable","13":"purchasable","14":"product-type-simple"},"jetpack_sharing_enabled":true,"_links":{"self":[{"href":"https:\/\/slvfrr.com\/es\/wp-json\/wp\/v2\/product\/3332","targetHints":{"allow":["GET"]}}],"collection":[{"href":"https:\/\/slvfrr.com\/es\/wp-json\/wp\/v2\/product"}],"about":[{"href":"https:\/\/slvfrr.com\/es\/wp-json\/wp\/v2\/types\/product"}],"wp:featuredmedia":[{"embeddable":true,"href":"https:\/\/slvfrr.com\/es\/wp-json\/wp\/v2\/media\/3668"}],"wp:attachment":[{"href":"https:\/\/slvfrr.com\/es\/wp-json\/wp\/v2\/media?parent=3332"}],"wp:term":[{"taxonomy":"product_brand","embeddable":true,"href":"https:\/\/slvfrr.com\/es\/wp-json\/wp\/v2\/product_brand?post=3332"},{"taxonomy":"product_cat","embeddable":true,"href":"https:\/\/slvfrr.com\/es\/wp-json\/wp\/v2\/product_cat?post=3332"},{"taxonomy":"product_tag","embeddable":true,"href":"https:\/\/slvfrr.com\/es\/wp-json\/wp\/v2\/product_tag?post=3332"}],"curies":[{"name":"wp","href":"https:\/\/api.w.org\/{rel}","templated":true}]}}