{"id":3244,"date":"2026-02-01T11:41:28","date_gmt":"2026-02-01T11:41:28","guid":{"rendered":"https:\/\/slvfrr.com\/?post_type=product&#038;p=3244"},"modified":"2026-05-02T19:42:46","modified_gmt":"2026-05-02T19:42:46","slug":"glacier-top","status":"publish","type":"product","link":"https:\/\/slvfrr.com\/es\/producto\/glacier-top","title":{"rendered":"Glacier Top"},"content":{"rendered":"<p><span style=\"font-size: 13px;\">Tejido: 85% PU, 15% poli\u00e9ster.<\/span><\/p>\n<p><span style=\"font-size: 13px;\">Hecho en Espa\u00f1a.<\/span><\/p>\n<p><span style=\"font-size: 13px;\">\u2013 No lavar a m\u00e1quina.<br \/>\n\u2013 No usar lej\u00eda.<br \/>\n\u2013 No secar en secadora.<br \/>\n\u2013 No planchar.<br \/>\n\u2013 No lavar en seco.<br \/>\n\u2013 Lavar a mano \u00fanicamente con agua fr\u00eda o limpiar con un pa\u00f1o h\u00famedo.<\/span><span style=\"font-size: 13px;\">.<\/span><\/p>","protected":false},"excerpt":{"rendered":"<p><span style=\"font-size: 13px;\">Top halter de cuello s\u00faper alto con espalda descubierta y drapeado lateral. Cierre mediante bot\u00f3n de presi\u00f3n en la parte posterior del cuello.<\/span><\/p>\n<p><span style=\"font-size: 13px;\">Color: Blanco.<\/span><\/p>\n<p><span style=\"font-size: 13px;\">Este art\u00edculo se produce bajo demanda. El tiempo estimado de producci\u00f3n es entre 7 y 10 d\u00edas laborales.<\/span><\/p>","protected":false},"featured_media":3699,"template":"","meta":{"inline_featured_image":false},"product_brand":[],"product_cat":[60,19],"product_tag":[],"class_list":{"0":"post-3244","1":"product","2":"type-product","3":"status-publish","4":"has-post-thumbnail","6":"product_cat-ss26-over","7":"product_cat-tops","8":"pa_size-l","9":"pa_size-m","10":"pa_size-s","11":"pa_size-xl","12":"pa_size-xs","14":"first","15":"instock","16":"taxable","17":"shipping-taxable","18":"purchasable","19":"product-type-variable"},"jetpack_sharing_enabled":true,"_links":{"self":[{"href":"https:\/\/slvfrr.com\/es\/wp-json\/wp\/v2\/product\/3244","targetHints":{"allow":["GET"]}}],"collection":[{"href":"https:\/\/slvfrr.com\/es\/wp-json\/wp\/v2\/product"}],"about":[{"href":"https:\/\/slvfrr.com\/es\/wp-json\/wp\/v2\/types\/product"}],"wp:featuredmedia":[{"embeddable":true,"href":"https:\/\/slvfrr.com\/es\/wp-json\/wp\/v2\/media\/3699"}],"wp:attachment":[{"href":"https:\/\/slvfrr.com\/es\/wp-json\/wp\/v2\/media?parent=3244"}],"wp:term":[{"taxonomy":"product_brand","embeddable":true,"href":"https:\/\/slvfrr.com\/es\/wp-json\/wp\/v2\/product_brand?post=3244"},{"taxonomy":"product_cat","embeddable":true,"href":"https:\/\/slvfrr.com\/es\/wp-json\/wp\/v2\/product_cat?post=3244"},{"taxonomy":"product_tag","embeddable":true,"href":"https:\/\/slvfrr.com\/es\/wp-json\/wp\/v2\/product_tag?post=3244"}],"curies":[{"name":"wp","href":"https:\/\/api.w.org\/{rel}","templated":true}]}}