{"id":2607,"date":"2023-12-04T19:22:29","date_gmt":"2023-12-04T19:22:29","guid":{"rendered":"https:\/\/difconcept.com\/?page_id=2607"},"modified":"2025-09-25T07:02:50","modified_gmt":"2025-09-25T07:02:50","slug":"dif-socks","status":"publish","type":"page","link":"https:\/\/slvfrr.com\/es\/dif-socks","title":{"rendered":"DiF Socks"},"content":{"rendered":"<div data-elementor-type=\"wp-page\" data-elementor-id=\"2607\" class=\"elementor elementor-2607\">\n\t\t\t\t\t\t<section class=\"elementor-section elementor-top-section elementor-element elementor-element-abbca9d elementor-section-full_width elementor-section-height-default elementor-section-height-default\" data-id=\"abbca9d\" data-element_type=\"section\" data-e-type=\"section\">\n\t\t\t\t\t\t<div class=\"elementor-container elementor-column-gap-no\">\n\t\t\t\t\t<div class=\"elementor-column elementor-col-100 elementor-top-column elementor-element elementor-element-d7a3699\" data-id=\"d7a3699\" data-element_type=\"column\" data-e-type=\"column\">\n\t\t\t<div class=\"elementor-widget-wrap elementor-element-populated\">\n\t\t\t\t\t\t<div class=\"elementor-element elementor-element-3037889 elementor-widget elementor-widget-opal-products\" data-id=\"3037889\" data-element_type=\"widget\" data-e-type=\"widget\" data-widget_type=\"opal-products.default\">\n\t\t\t\t<div class=\"elementor-widget-container\">\n\t\t\t\t\t<div class=\"woocommerce columns-3\"><\/div>\t\t\t\t<\/div>\n\t\t\t\t<\/div>\n\t\t\t\t\t<\/div>\n\t\t<\/div>\n\t\t\t\t\t<\/div>\n\t\t<\/section>\n\t\t\t\t<section class=\"elementor-section elementor-top-section elementor-element elementor-element-8ce6ec6 elementor-section-full_width elementor-section-height-default elementor-section-height-default\" data-id=\"8ce6ec6\" data-element_type=\"section\" data-e-type=\"section\">\n\t\t\t\t\t\t<div class=\"elementor-container elementor-column-gap-default\">\n\t\t\t\t\t<div class=\"elementor-column elementor-col-50 elementor-top-column elementor-element elementor-element-37c67f9\" data-id=\"37c67f9\" data-element_type=\"column\" data-e-type=\"column\">\n\t\t\t<div class=\"elementor-widget-wrap elementor-element-populated\">\n\t\t\t\t\t\t<div class=\"elementor-element elementor-element-efa44ca elementor-widget elementor-widget-text-editor\" data-id=\"efa44ca\" data-element_type=\"widget\" data-e-type=\"widget\" data-widget_type=\"text-editor.default\">\n\t\t\t\t<div class=\"elementor-widget-container\">\n\t\t\t\t\t        <div class=\"elementor-text-editor elementor-clearfix\"><p><span style=\"font-weight: 400;\">Una colecci\u00f3n de calcetines y calentadores tan atemporales como vers\u00e1tiles, donde encontrar\u00e1s desde calcetines tabi de malla hasta calentadores de polipiel. Marcar\u00e1n un punto y aparte en cualquiera de tus looks.<\/span><\/p><\/div>\n        \t\t\t\t<\/div>\n\t\t\t\t<\/div>\n\t\t\t\t\t<\/div>\n\t\t<\/div>\n\t\t\t\t<div class=\"elementor-column elementor-col-50 elementor-top-column elementor-element elementor-element-285033e\" data-id=\"285033e\" data-element_type=\"column\" data-e-type=\"column\">\n\t\t\t<div class=\"elementor-widget-wrap\">\n\t\t\t\t\t\t\t<\/div>\n\t\t<\/div>\n\t\t\t\t\t<\/div>\n\t\t<\/section>\n\t\t\t\t<\/div>","protected":false},"excerpt":{"rendered":"<p>A\u00f1adir a la lista de deseos Quick viewA\u00f1adir al carrito White Basic Socks 30,00\u20ac A\u00f1adir a la lista de deseos Quick viewA\u00f1adir al carrito White Basic Rib Socks 30,00\u20ac A\u00f1adir a la lista de deseos Quick viewA\u00f1adir al carrito White Tights (DEN50) 25,00\u20ac A\u00f1adir a la lista de deseos Quick viewA\u00f1adir al carrito White Tabi &hellip; <\/p>\n<p class=\"link-more\"><a href=\"https:\/\/slvfrr.com\/es\/dif-socks\" class=\"more-link\">Read More <span class=\"screen-reader-text\"> &#8220;DiF Socks&#8221;<\/span><\/a><\/p>","protected":false},"author":1,"featured_media":0,"parent":0,"menu_order":0,"comment_status":"closed","ping_status":"closed","template":"elementor_header_footer","meta":{"inline_featured_image":false,"footnotes":""},"class_list":["post-2607","page","type-page","status-publish","hentry"],"jetpack_sharing_enabled":true,"_links":{"self":[{"href":"https:\/\/slvfrr.com\/es\/wp-json\/wp\/v2\/pages\/2607","targetHints":{"allow":["GET"]}}],"collection":[{"href":"https:\/\/slvfrr.com\/es\/wp-json\/wp\/v2\/pages"}],"about":[{"href":"https:\/\/slvfrr.com\/es\/wp-json\/wp\/v2\/types\/page"}],"author":[{"embeddable":true,"href":"https:\/\/slvfrr.com\/es\/wp-json\/wp\/v2\/users\/1"}],"replies":[{"embeddable":true,"href":"https:\/\/slvfrr.com\/es\/wp-json\/wp\/v2\/comments?post=2607"}],"version-history":[{"count":9,"href":"https:\/\/slvfrr.com\/es\/wp-json\/wp\/v2\/pages\/2607\/revisions"}],"predecessor-version":[{"id":3113,"href":"https:\/\/slvfrr.com\/es\/wp-json\/wp\/v2\/pages\/2607\/revisions\/3113"}],"wp:attachment":[{"href":"https:\/\/slvfrr.com\/es\/wp-json\/wp\/v2\/media?parent=2607"}],"curies":[{"name":"wp","href":"https:\/\/api.w.org\/{rel}","templated":true}]}}